{"id":962,"date":"2024-08-16T16:48:00","date_gmt":"2024-08-16T16:48:00","guid":{"rendered":"https:\/\/sidetel.beringserveis.eu\/?page_id=962"},"modified":"2024-11-30T17:17:33","modified_gmt":"2024-11-30T17:17:33","slug":"videoporters","status":"publish","type":"page","link":"https:\/\/sidetel.eu\/index.php\/videoporters\/","title":{"rendered":"Videoporters"},"content":{"rendered":"\t\t<div data-elementor-type=\"wp-page\" data-elementor-id=\"962\" class=\"elementor elementor-962\" data-elementor-post-type=\"page\">\n\t\t\t\t<div class=\"elementor-element elementor-element-6deb115 e-flex e-con-boxed e-con e-parent\" data-id=\"6deb115\" data-element_type=\"container\">\n\t\t\t\t\t<div class=\"e-con-inner\">\n\t\t<div class=\"elementor-element elementor-element-831d43d e-con-full e-flex e-con e-child\" data-id=\"831d43d\" data-element_type=\"container\">\n\t\t\t\t<div class=\"elementor-element elementor-element-dafc3d9 elementor-widget elementor-widget-heading\" data-id=\"dafc3d9\" data-element_type=\"widget\" data-widget_type=\"heading.default\">\n\t\t\t\t<div class=\"elementor-widget-container\">\n\t\t\t\t\t<h5 class=\"elementor-heading-title elementor-size-default\">VIDEOPORTERS COMUNITATS\n<\/h5>\t\t\t\t<\/div>\n\t\t\t\t<\/div>\n\t\t\t\t<div class=\"elementor-element elementor-element-0ec82fb elementor-widget elementor-widget-heading\" data-id=\"0ec82fb\" data-element_type=\"widget\" data-widget_type=\"heading.default\">\n\t\t\t\t<div class=\"elementor-widget-container\">\n\t\t\t\t\t<h6 class=\"elementor-heading-title elementor-size-default\">Milers de videoporters per a comunitats instal\u00b7lats des de 1995\n<\/h6>\t\t\t\t<\/div>\n\t\t\t\t<\/div>\n\t\t\t\t<div class=\"elementor-element elementor-element-c6de103 elementor-widget elementor-widget-heading\" data-id=\"c6de103\" data-element_type=\"widget\" data-widget_type=\"heading.default\">\n\t\t\t\t<div class=\"elementor-widget-container\">\n\t\t\t\t\t<h3 class=\"elementor-heading-title elementor-size-default\">Videoporters i porters autom\u00e0tics 100% a mida de Comunitats de Ve\u00efns\n<\/h3>\t\t\t\t<\/div>\n\t\t\t\t<\/div>\n\t\t\t\t<div class=\"elementor-element elementor-element-a606986 elementor-widget elementor-widget-text-editor\" data-id=\"a606986\" data-element_type=\"widget\" data-widget_type=\"text-editor.default\">\n\t\t\t\t<div class=\"elementor-widget-container\">\n\t\t\t\t\t\t\t\t\tAssessora&#8217;t gratis i rep una proposta exclusiva i detallada en menys de 24 hores\n\t\t\t\t\t\t\t\t<\/div>\n\t\t\t\t<\/div>\n\t\t\t\t<\/div>\n\t\t<div class=\"elementor-element elementor-element-1fec44a e-con-full e-flex e-con e-child\" data-id=\"1fec44a\" data-element_type=\"container\">\n\t\t\t\t<div class=\"elementor-element elementor-element-61e4edf elementor-widget elementor-widget-image\" data-id=\"61e4edf\" data-element_type=\"widget\" data-widget_type=\"image.default\">\n\t\t\t\t<div class=\"elementor-widget-container\">\n\t\t\t\t\t\t\t\t\t\t\t\t\t\t\t<img fetchpriority=\"high\" decoding=\"async\" width=\"800\" height=\"800\" src=\"https:\/\/sidetel.eu\/wp-content\/uploads\/2024\/08\/television-aerial-1024x1024.jpg\" class=\"attachment-large size-large wp-image-1093\" alt=\"\" srcset=\"https:\/\/sidetel.eu\/wp-content\/uploads\/2024\/08\/television-aerial-1024x1024.jpg 1024w, https:\/\/sidetel.eu\/wp-content\/uploads\/2024\/08\/television-aerial-300x300.jpg 300w, https:\/\/sidetel.eu\/wp-content\/uploads\/2024\/08\/television-aerial-150x150.jpg 150w, https:\/\/sidetel.eu\/wp-content\/uploads\/2024\/08\/television-aerial-768x768.jpg 768w, https:\/\/sidetel.eu\/wp-content\/uploads\/2024\/08\/television-aerial.jpg 1200w\" sizes=\"(max-width: 800px) 100vw, 800px\" \/>\t\t\t\t\t\t\t\t\t\t\t\t\t\t\t<\/div>\n\t\t\t\t<\/div>\n\t\t\t\t<\/div>\n\t\t\t\t\t<\/div>\n\t\t\t\t<\/div>\n\t\t<div class=\"elementor-element elementor-element-2bf53d6 e-flex e-con-boxed e-con e-parent\" data-id=\"2bf53d6\" data-element_type=\"container\" data-settings=\"{&quot;background_background&quot;:&quot;classic&quot;}\">\n\t\t\t\t\t<div class=\"e-con-inner\">\n\t\t<div class=\"elementor-element elementor-element-3298634 e-con-full e-flex e-con e-child\" data-id=\"3298634\" data-element_type=\"container\">\n\t\t\t\t<div class=\"elementor-element elementor-element-54c562e elementor-widget__width-initial elementor-widget elementor-widget-heading\" data-id=\"54c562e\" data-element_type=\"widget\" data-widget_type=\"heading.default\">\n\t\t\t\t<div class=\"elementor-widget-container\">\n\t\t\t\t\t<h3 class=\"elementor-heading-title elementor-size-default\">Gaudeix dels millors videoporters per a comunitats de ve\u00efns instal\u00b7lats i al millor preu\n<\/h3>\t\t\t\t<\/div>\n\t\t\t\t<\/div>\n\t\t\t\t<\/div>\n\t\t<div class=\"elementor-element elementor-element-f3815bd e-con-full e-flex e-con e-child\" data-id=\"f3815bd\" data-element_type=\"container\">\n\t\t\t\t<div class=\"elementor-element elementor-element-1852fbe elementor-widget__width-initial elementor-widget elementor-widget-text-editor\" data-id=\"1852fbe\" data-element_type=\"widget\" data-widget_type=\"text-editor.default\">\n\t\t\t\t<div class=\"elementor-widget-container\">\n\t\t\t\t\t\t\t\t\t<p>A l&#8217;hora d&#8217;escollir un videoporter per a la teva comunitat, \u00e9s important seleccionar una opci\u00f3 fiable i duradora per no tenir problemes generals als habitatges. La nostra companyia \u00e9s especialista al 100% en instal\u00b7laci\u00f3 de porters autom\u00e0tics i serveis relacionats;\u00a0<\/p><p>Per aix\u00f2, aqu\u00ed us mostrem les principals marques amb qu\u00e8 treballem i alguns dels seus models disponibles;<\/p>\t\t\t\t\t\t\t\t<\/div>\n\t\t\t\t<\/div>\n\t\t\t\t<\/div>\n\t\t\t\t\t<\/div>\n\t\t\t\t<\/div>\n\t\t<div class=\"elementor-element elementor-element-af26466 e-flex e-con-boxed e-con e-parent\" data-id=\"af26466\" data-element_type=\"container\" data-settings=\"{&quot;background_background&quot;:&quot;classic&quot;}\">\n\t\t\t\t\t<div class=\"e-con-inner\">\n\t\t<div class=\"elementor-element elementor-element-1783d9e e-con-full e-flex e-con e-child\" data-id=\"1783d9e\" data-element_type=\"container\">\n\t\t\t\t<div class=\"elementor-element elementor-element-257473e elementor-widget elementor-widget-image\" data-id=\"257473e\" data-element_type=\"widget\" data-widget_type=\"image.default\">\n\t\t\t\t<div class=\"elementor-widget-container\">\n\t\t\t\t\t\t\t\t\t\t\t\t\t\t\t<img decoding=\"async\" width=\"300\" height=\"300\" src=\"https:\/\/sidetel.eu\/wp-content\/uploads\/2024\/08\/vpor4.jpg\" class=\"attachment-large size-large wp-image-965\" alt=\"\" srcset=\"https:\/\/sidetel.eu\/wp-content\/uploads\/2024\/08\/vpor4.jpg 300w, https:\/\/sidetel.eu\/wp-content\/uploads\/2024\/08\/vpor4-150x150.jpg 150w\" sizes=\"(max-width: 300px) 100vw, 300px\" \/>\t\t\t\t\t\t\t\t\t\t\t\t\t\t\t<\/div>\n\t\t\t\t<\/div>\n\t\t\t\t<\/div>\n\t\t<div class=\"elementor-element elementor-element-4e1952f e-con-full e-flex e-con e-child\" data-id=\"4e1952f\" data-element_type=\"container\">\n\t\t\t\t<div class=\"elementor-element elementor-element-1f1678e elementor-widget elementor-widget-heading\" data-id=\"1f1678e\" data-element_type=\"widget\" data-widget_type=\"heading.default\">\n\t\t\t\t<div class=\"elementor-widget-container\">\n\t\t\t\t\t<h3 class=\"elementor-heading-title elementor-size-default\">Fermax<\/h3>\t\t\t\t<\/div>\n\t\t\t\t<\/div>\n\t\t\t\t<div class=\"elementor-element elementor-element-524ba40 elementor-widget__width-initial elementor-widget elementor-widget-text-editor\" data-id=\"524ba40\" data-element_type=\"widget\" data-widget_type=\"text-editor.default\">\n\t\t\t\t<div class=\"elementor-widget-container\">\n\t\t\t\t\t\t\t\t\tUna marca espanyola amb una \u00e0mplia gamma de productes d\u00b4intercomunicaci\u00f3 i videovigil\u00e0ncia. Els seus videoporters solen ser f\u00e0cils d&#8217;instal\u00b7lar i programar, i tenen diferents models i dissenys per adaptar-se a les necessitats de cada comunitat.\n\t\t\t\t\t\t\t\t<\/div>\n\t\t\t\t<\/div>\n\t\t\t\t<\/div>\n\t\t\t\t\t<\/div>\n\t\t\t\t<\/div>\n\t\t<div class=\"elementor-element elementor-element-90c8732 e-flex e-con-boxed e-con e-parent\" data-id=\"90c8732\" data-element_type=\"container\" data-settings=\"{&quot;background_background&quot;:&quot;classic&quot;}\">\n\t\t\t\t\t<div class=\"e-con-inner\">\n\t\t<div class=\"elementor-element elementor-element-b12aa55 e-con-full e-flex e-con e-child\" data-id=\"b12aa55\" data-element_type=\"container\">\n\t\t\t\t<div class=\"elementor-element elementor-element-adf6062 elementor-widget elementor-widget-heading\" data-id=\"adf6062\" data-element_type=\"widget\" data-widget_type=\"heading.default\">\n\t\t\t\t<div class=\"elementor-widget-container\">\n\t\t\t\t\t<h3 class=\"elementor-heading-title elementor-size-default\">Tegui<\/h3>\t\t\t\t<\/div>\n\t\t\t\t<\/div>\n\t\t\t\t<div class=\"elementor-element elementor-element-dc3b538 elementor-widget__width-initial elementor-widget elementor-widget-text-editor\" data-id=\"dc3b538\" data-element_type=\"widget\" data-widget_type=\"text-editor.default\">\n\t\t\t\t<div class=\"elementor-widget-container\">\n\t\t\t\t\t\t\t\t\tUna marca italiana que ofereix solucions d\u00b4intercomunicaci\u00f3 i seguretat electr\u00f2nica per a edificis i habitatges. Els seus videoporters solen ser molt intu\u00eftius i senzills de fer servir, i compten amb un sistema d&#8217;enregistrament d&#8217;imatges i \u00e0udio per a m\u00e9s seguretat.\n\t\t\t\t\t\t\t\t<\/div>\n\t\t\t\t<\/div>\n\t\t\t\t<\/div>\n\t\t<div class=\"elementor-element elementor-element-1098675 e-con-full e-flex e-con e-child\" data-id=\"1098675\" data-element_type=\"container\">\n\t\t\t\t<div class=\"elementor-element elementor-element-0a56851 elementor-widget elementor-widget-image\" data-id=\"0a56851\" data-element_type=\"widget\" data-widget_type=\"image.default\">\n\t\t\t\t<div class=\"elementor-widget-container\">\n\t\t\t\t\t\t\t\t\t\t\t\t\t\t\t<img decoding=\"async\" width=\"300\" height=\"300\" src=\"https:\/\/sidetel.eu\/wp-content\/uploads\/2024\/08\/vpor5.jpg\" class=\"attachment-large size-large wp-image-966\" alt=\"\" srcset=\"https:\/\/sidetel.eu\/wp-content\/uploads\/2024\/08\/vpor5.jpg 300w, https:\/\/sidetel.eu\/wp-content\/uploads\/2024\/08\/vpor5-150x150.jpg 150w\" sizes=\"(max-width: 300px) 100vw, 300px\" \/>\t\t\t\t\t\t\t\t\t\t\t\t\t\t\t<\/div>\n\t\t\t\t<\/div>\n\t\t\t\t<\/div>\n\t\t\t\t\t<\/div>\n\t\t\t\t<\/div>\n\t\t<div class=\"elementor-element elementor-element-cabb14e e-flex e-con-boxed e-con e-parent\" data-id=\"cabb14e\" data-element_type=\"container\" data-settings=\"{&quot;background_background&quot;:&quot;classic&quot;}\">\n\t\t\t\t\t<div class=\"e-con-inner\">\n\t\t<div class=\"elementor-element elementor-element-56f0491 e-con-full e-flex e-con e-child\" data-id=\"56f0491\" data-element_type=\"container\">\n\t\t\t\t<div class=\"elementor-element elementor-element-022c6d3 elementor-widget elementor-widget-image\" data-id=\"022c6d3\" data-element_type=\"widget\" data-widget_type=\"image.default\">\n\t\t\t\t<div class=\"elementor-widget-container\">\n\t\t\t\t\t\t\t\t\t\t\t\t\t\t\t<img loading=\"lazy\" decoding=\"async\" width=\"300\" height=\"300\" src=\"https:\/\/sidetel.eu\/wp-content\/uploads\/2024\/08\/vpor6.jpg\" class=\"attachment-large size-large wp-image-967\" alt=\"\" srcset=\"https:\/\/sidetel.eu\/wp-content\/uploads\/2024\/08\/vpor6.jpg 300w, https:\/\/sidetel.eu\/wp-content\/uploads\/2024\/08\/vpor6-150x150.jpg 150w\" sizes=\"(max-width: 300px) 100vw, 300px\" \/>\t\t\t\t\t\t\t\t\t\t\t\t\t\t\t<\/div>\n\t\t\t\t<\/div>\n\t\t\t\t<\/div>\n\t\t<div class=\"elementor-element elementor-element-35a1d4c e-con-full e-flex e-con e-child\" data-id=\"35a1d4c\" data-element_type=\"container\">\n\t\t\t\t<div class=\"elementor-element elementor-element-ef2f71b elementor-widget elementor-widget-heading\" data-id=\"ef2f71b\" data-element_type=\"widget\" data-widget_type=\"heading.default\">\n\t\t\t\t<div class=\"elementor-widget-container\">\n\t\t\t\t\t<h3 class=\"elementor-heading-title elementor-size-default\">Comelit<\/h3>\t\t\t\t<\/div>\n\t\t\t\t<\/div>\n\t\t\t\t<div class=\"elementor-element elementor-element-2ce831f elementor-widget__width-initial elementor-widget elementor-widget-text-editor\" data-id=\"2ce831f\" data-element_type=\"widget\" data-widget_type=\"text-editor.default\">\n\t\t\t\t<div class=\"elementor-widget-container\">\n\t\t\t\t\t\t\t\t\tUna altra marca italiana amb una \u00e0mplia gamma de productes de videovigil\u00e0ncia i seguretat electr\u00f2nica. Els seus videoporters solen ser molt resistents i duradors.\n\t\t\t\t\t\t\t\t<\/div>\n\t\t\t\t<\/div>\n\t\t\t\t<\/div>\n\t\t\t\t\t<\/div>\n\t\t\t\t<\/div>\n\t\t<div class=\"elementor-element elementor-element-c2a121a e-flex e-con-boxed e-con e-parent\" data-id=\"c2a121a\" data-element_type=\"container\" data-settings=\"{&quot;background_background&quot;:&quot;classic&quot;}\">\n\t\t\t\t\t<div class=\"e-con-inner\">\n\t\t<div class=\"elementor-element elementor-element-859f1ae e-con-full e-flex e-con e-child\" data-id=\"859f1ae\" data-element_type=\"container\">\n\t\t\t\t<div class=\"elementor-element elementor-element-45dcbdf elementor-widget elementor-widget-heading\" data-id=\"45dcbdf\" data-element_type=\"widget\" data-widget_type=\"heading.default\">\n\t\t\t\t<div class=\"elementor-widget-container\">\n\t\t\t\t\t<h3 class=\"elementor-heading-title elementor-size-default\">Legrand<\/h3>\t\t\t\t<\/div>\n\t\t\t\t<\/div>\n\t\t\t\t<div class=\"elementor-element elementor-element-a9673cd elementor-widget__width-initial elementor-widget elementor-widget-text-editor\" data-id=\"a9673cd\" data-element_type=\"widget\" data-widget_type=\"text-editor.default\">\n\t\t\t\t<div class=\"elementor-widget-container\">\n\t\t\t\t\t\t\t\t\tUna marca francesa que ofereix equipament d&#8217;automatitzaci\u00f3 i control per a edificis. Els seus videoporters solen ser molt elegants i discrets, i compten amb un sistema de comunicaci\u00f3 mans lliures per a m\u00e9s comoditat.\n\t\t\t\t\t\t\t\t<\/div>\n\t\t\t\t<\/div>\n\t\t\t\t<\/div>\n\t\t<div class=\"elementor-element elementor-element-c83a3d9 e-con-full e-flex e-con e-child\" data-id=\"c83a3d9\" data-element_type=\"container\">\n\t\t\t\t<div class=\"elementor-element elementor-element-3e460c6 elementor-widget elementor-widget-image\" data-id=\"3e460c6\" data-element_type=\"widget\" data-widget_type=\"image.default\">\n\t\t\t\t<div class=\"elementor-widget-container\">\n\t\t\t\t\t\t\t\t\t\t\t\t\t\t\t<img loading=\"lazy\" decoding=\"async\" width=\"300\" height=\"300\" src=\"https:\/\/sidetel.eu\/wp-content\/uploads\/2024\/08\/vpor7.jpg\" class=\"attachment-large size-large wp-image-968\" alt=\"\" srcset=\"https:\/\/sidetel.eu\/wp-content\/uploads\/2024\/08\/vpor7.jpg 300w, https:\/\/sidetel.eu\/wp-content\/uploads\/2024\/08\/vpor7-150x150.jpg 150w\" sizes=\"(max-width: 300px) 100vw, 300px\" \/>\t\t\t\t\t\t\t\t\t\t\t\t\t\t\t<\/div>\n\t\t\t\t<\/div>\n\t\t\t\t<\/div>\n\t\t\t\t\t<\/div>\n\t\t\t\t<\/div>\n\t\t<div class=\"elementor-element elementor-element-e152e7a e-flex e-con-boxed e-con e-parent\" data-id=\"e152e7a\" data-element_type=\"container\" data-settings=\"{&quot;background_background&quot;:&quot;classic&quot;}\">\n\t\t\t\t\t<div class=\"e-con-inner\">\n\t\t<div class=\"elementor-element elementor-element-e90fdbb e-con-full e-flex e-con e-child\" data-id=\"e90fdbb\" data-element_type=\"container\">\n\t\t\t\t<div class=\"elementor-element elementor-element-746c0da elementor-widget elementor-widget-image\" data-id=\"746c0da\" data-element_type=\"widget\" data-widget_type=\"image.default\">\n\t\t\t\t<div class=\"elementor-widget-container\">\n\t\t\t\t\t\t\t\t\t\t\t\t\t\t\t<img loading=\"lazy\" decoding=\"async\" width=\"300\" height=\"300\" src=\"https:\/\/sidetel.eu\/wp-content\/uploads\/2024\/08\/vpor8.jpg\" class=\"attachment-large size-large wp-image-969\" alt=\"\" srcset=\"https:\/\/sidetel.eu\/wp-content\/uploads\/2024\/08\/vpor8.jpg 300w, https:\/\/sidetel.eu\/wp-content\/uploads\/2024\/08\/vpor8-150x150.jpg 150w\" sizes=\"(max-width: 300px) 100vw, 300px\" \/>\t\t\t\t\t\t\t\t\t\t\t\t\t\t\t<\/div>\n\t\t\t\t<\/div>\n\t\t\t\t<\/div>\n\t\t<div class=\"elementor-element elementor-element-a6e5d62 e-con-full e-flex e-con e-child\" data-id=\"a6e5d62\" data-element_type=\"container\">\n\t\t\t\t<div class=\"elementor-element elementor-element-7a7b227 elementor-widget elementor-widget-heading\" data-id=\"7a7b227\" data-element_type=\"widget\" data-widget_type=\"heading.default\">\n\t\t\t\t<div class=\"elementor-widget-container\">\n\t\t\t\t\t<h3 class=\"elementor-heading-title elementor-size-default\">Aiphone<\/h3>\t\t\t\t<\/div>\n\t\t\t\t<\/div>\n\t\t\t\t<div class=\"elementor-element elementor-element-48b4192 elementor-widget__width-initial elementor-widget elementor-widget-text-editor\" data-id=\"48b4192\" data-element_type=\"widget\" data-widget_type=\"text-editor.default\">\n\t\t\t\t<div class=\"elementor-widget-container\">\n\t\t\t\t\t\t\t\t\tUna marca japonesa amb \u00e0mplia experi\u00e8ncia en el desenvolupament de sistemes d&#8217;intercomunicaci\u00f3 i seguretat electr\u00f2nica. Els seus videoporters solen ser molt fiables i segurs, i tenen diferents models i dissenys per adaptar-se a les necessitats de cada comunitat.\n\t\t\t\t\t\t\t\t<\/div>\n\t\t\t\t<\/div>\n\t\t\t\t<\/div>\n\t\t\t\t\t<\/div>\n\t\t\t\t<\/div>\n\t\t<div class=\"elementor-element elementor-element-4375e56 e-flex e-con-boxed e-con e-parent\" data-id=\"4375e56\" data-element_type=\"container\" data-settings=\"{&quot;background_background&quot;:&quot;classic&quot;}\">\n\t\t\t\t\t<div class=\"e-con-inner\">\n\t\t<div class=\"elementor-element elementor-element-3c4104a e-con-full e-flex e-con e-child\" data-id=\"3c4104a\" data-element_type=\"container\">\n\t\t\t\t<div class=\"elementor-element elementor-element-1a2f5b5 elementor-widget elementor-widget-heading\" data-id=\"1a2f5b5\" data-element_type=\"widget\" data-widget_type=\"heading.default\">\n\t\t\t\t<div class=\"elementor-widget-container\">\n\t\t\t\t\t<h3 class=\"elementor-heading-title elementor-size-default\">Instal\u00b7laci\u00f3 de videoporters per a comunitats\n<\/h3>\t\t\t\t<\/div>\n\t\t\t\t<\/div>\n\t\t\t\t<div class=\"elementor-element elementor-element-874f174 elementor-widget__width-initial elementor-widget elementor-widget-text-editor\" data-id=\"874f174\" data-element_type=\"widget\" data-widget_type=\"text-editor.default\">\n\t\t\t\t<div class=\"elementor-widget-container\">\n\t\t\t\t\t\t\t\t\t<p>Aprofita els nostres plans exclusius d&#8217;instal\u00b7laci\u00f3 i manteniment de videoporters per a comunitats de ve\u00efns a Vilanova.<\/p><p>Gaudeix del servei m\u00e9s r\u00e0pid de la capital, amb garantia, seguiment, manteniment i nom\u00e9s productes de qualitat i fiables.\u00a0<\/p><p>Oblida&#8217;t de tenir un sol problema m\u00e9s amb el videoporter de la teva comunitat de ve\u00efns.<\/p>\t\t\t\t\t\t\t\t<\/div>\n\t\t\t\t<\/div>\n\t\t\t\t<\/div>\n\t\t\t\t\t<\/div>\n\t\t\t\t<\/div>\n\t\t<div class=\"elementor-element elementor-element-cd911cb e-flex e-con-boxed e-con e-parent\" data-id=\"cd911cb\" data-element_type=\"container\" data-settings=\"{&quot;background_background&quot;:&quot;classic&quot;}\">\n\t\t\t\t\t<div class=\"e-con-inner\">\n\t\t<div class=\"elementor-element elementor-element-fac0057 e-con-full e-flex e-con e-child\" data-id=\"fac0057\" data-element_type=\"container\">\n\t\t\t\t<div class=\"elementor-element elementor-element-849f840 elementor-widget elementor-widget-heading\" data-id=\"849f840\" data-element_type=\"widget\" data-widget_type=\"heading.default\">\n\t\t\t\t<div class=\"elementor-widget-container\">\n\t\t\t\t\t<h3 class=\"elementor-heading-title elementor-size-default\">Soluciona qualsevol problema amb la vostra antena en 4 passos i sense complicacions\n<\/h3>\t\t\t\t<\/div>\n\t\t\t\t<\/div>\n\t\t\t\t<div class=\"elementor-element elementor-element-37f14ff elementor-widget__width-initial elementor-widget elementor-widget-text-editor\" data-id=\"37f14ff\" data-element_type=\"widget\" data-widget_type=\"text-editor.default\">\n\t\t\t\t<div class=\"elementor-widget-container\">\n\t\t\t\t\t\t\t\t\t<p>01.<br \/>Truca&#8217;ns totalment GRATIS o sol\u00b7licita el teu pressupost online<\/p><p>02.<br \/>Rep assessorament i trobem la millor opci\u00f3 per a la vostra comunitat\u00a0<\/p><p>03.<br \/>Revisa la nostra proposta a mida i afegeix els serveis extres que necessiteu<\/p><p>04.<br \/>Gaudeix d&#8217;una instal\u00b7laci\u00f3 professional i un sistema durador i fiable<\/p>\t\t\t\t\t\t\t\t<\/div>\n\t\t\t\t<\/div>\n\t\t\t\t<\/div>\n\t\t\t\t\t<\/div>\n\t\t\t\t<\/div>\n\t\t<div class=\"elementor-element elementor-element-8da2fe1 e-flex e-con-boxed e-con e-parent\" data-id=\"8da2fe1\" data-element_type=\"container\" data-settings=\"{&quot;background_background&quot;:&quot;classic&quot;}\">\n\t\t\t\t\t<div class=\"e-con-inner\">\n\t\t<div class=\"elementor-element elementor-element-faad8a9 e-con-full e-flex e-con e-child\" data-id=\"faad8a9\" data-element_type=\"container\">\n\t\t\t\t<div class=\"elementor-element elementor-element-d08befe elementor-widget elementor-widget-heading\" data-id=\"d08befe\" data-element_type=\"widget\" data-widget_type=\"heading.default\">\n\t\t\t\t<div class=\"elementor-widget-container\">\n\t\t\t\t\t<h3 class=\"elementor-heading-title elementor-size-default\">\u00bf Necessites canviar el porter autom\u00e0tic de la teva comunitat?\n<\/h3>\t\t\t\t<\/div>\n\t\t\t\t<\/div>\n\t\t\t\t<div class=\"elementor-element elementor-element-bd1dbf2 elementor-widget__width-initial elementor-widget elementor-widget-text-editor\" data-id=\"bd1dbf2\" data-element_type=\"widget\" data-widget_type=\"text-editor.default\">\n\t\t\t\t<div class=\"elementor-widget-container\">\n\t\t\t\t\t\t\t\t\t<p>Informa&#8217;t ja del nostre servei exclusiu per a comunitats de ve\u00efns. T&#8217;assessorem sense cap comprom\u00eds i t&#8217;ajudem a definir el que realment s&#8217;adapti m\u00e9s a les necessitats de la teva comunitat.\u00a0<\/p><p>Aprofita els nostres plans premium amb Equipament + Instal\u00b7laci\u00f3 + Manteniment + Garantia.<\/p>\t\t\t\t\t\t\t\t<\/div>\n\t\t\t\t<\/div>\n\t\t\t\t<\/div>\n\t\t\t\t\t<\/div>\n\t\t\t\t<\/div>\n\t\t<div class=\"elementor-element elementor-element-d808d85 e-flex e-con-boxed e-con e-parent\" data-id=\"d808d85\" data-element_type=\"container\">\n\t\t\t\t\t<div class=\"e-con-inner\">\n\t\t<div class=\"elementor-element elementor-element-b644736 e-con-full e-flex e-con e-child\" data-id=\"b644736\" data-element_type=\"container\">\n\t\t\t\t<div class=\"elementor-element elementor-element-a4b8475 elementor-widget elementor-widget-heading\" data-id=\"a4b8475\" data-element_type=\"widget\" data-widget_type=\"heading.default\">\n\t\t\t\t<div class=\"elementor-widget-container\">\n\t\t\t\t\t<h3 class=\"elementor-heading-title elementor-size-default\">Caracter\u00edstiques principals en un porter autom\u00e0tic per a comunitats de propietaris\n<\/h3>\t\t\t\t<\/div>\n\t\t\t\t<\/div>\n\t\t\t\t<div class=\"elementor-element elementor-element-9038bca elementor-widget elementor-widget-text-editor\" data-id=\"9038bca\" data-element_type=\"widget\" data-widget_type=\"text-editor.default\">\n\t\t\t\t<div class=\"elementor-widget-container\">\n\t\t\t\t\t\t\t\t\t<ul><li><strong>Qualitat d&#8217;imatge i so<\/strong>: \u00c9s important que el videoporter tingui una bona qualitat d&#8217;imatge i so per poder identificar correctament les persones que accedeixen a l&#8217;edifici.<\/li><li><strong>Control d&#8217;acc\u00e9s<\/strong>: El videoporter ha de tenir un sistema de control d&#8217;acc\u00e9s que permeti obrir la porta de manera remota o des de l&#8217;interior de l&#8217;edifici.<\/li><li><strong>F\u00e0cil instal\u00b7laci\u00f3 i programaci\u00f3<\/strong>: El sistema ha de ser f\u00e0cil d&#8217;instal\u00b7lar i programar per evitar problemes i retards.<\/li><li><strong>Durabilitat i resist\u00e8ncia<\/strong>: El telefonet ha de ser resistent a les condicions clim\u00e0tiques i al vandalisme per garantir-ne la durabilitat i el funcionament a llarg termini.<\/li><li><strong>Integraci\u00f3 amb altres sistemes<\/strong>: si \u00e9s compatible amb altres sistemes de seguretat electr\u00f2nica molt millor. Aix\u00ed es podr\u00e0 integrar completament i s&#8217;obtindr\u00e0 una gesti\u00f3 centralitzada de la seguretat de l&#8217;edifici.<\/li><\/ul>\t\t\t\t\t\t\t\t<\/div>\n\t\t\t\t<\/div>\n\t\t\t\t<\/div>\n\t\t<div class=\"elementor-element elementor-element-77b4d35 e-con-full e-flex e-con e-child\" data-id=\"77b4d35\" data-element_type=\"container\">\n\t\t\t\t<div class=\"elementor-element elementor-element-66ee6ae elementor-widget elementor-widget-image\" data-id=\"66ee6ae\" data-element_type=\"widget\" data-widget_type=\"image.default\">\n\t\t\t\t<div class=\"elementor-widget-container\">\n\t\t\t\t\t\t\t\t\t\t\t\t\t\t\t<img loading=\"lazy\" decoding=\"async\" width=\"683\" height=\"1024\" src=\"https:\/\/sidetel.eu\/wp-content\/uploads\/2024\/08\/technician-plugging-in-tv-cable-1-683x1024.jpg\" class=\"attachment-large size-large wp-image-1077\" alt=\"\" srcset=\"https:\/\/sidetel.eu\/wp-content\/uploads\/2024\/08\/technician-plugging-in-tv-cable-1-683x1024.jpg 683w, https:\/\/sidetel.eu\/wp-content\/uploads\/2024\/08\/technician-plugging-in-tv-cable-1-200x300.jpg 200w, https:\/\/sidetel.eu\/wp-content\/uploads\/2024\/08\/technician-plugging-in-tv-cable-1-768x1152.jpg 768w, https:\/\/sidetel.eu\/wp-content\/uploads\/2024\/08\/technician-plugging-in-tv-cable-1.jpg 800w\" sizes=\"(max-width: 683px) 100vw, 683px\" \/>\t\t\t\t\t\t\t\t\t\t\t\t\t\t\t<\/div>\n\t\t\t\t<\/div>\n\t\t\t\t<\/div>\n\t\t\t\t\t<\/div>\n\t\t\t\t<\/div>\n\t\t\t\t<\/div>\n\t\t","protected":false},"excerpt":{"rendered":"<p>VIDEOPORTERS COMUNITATS Milers de videoporters per a comunitats instal\u00b7lats des de 1995 Videoporters i porters autom\u00e0tics 100% a mida de Comunitats de Ve\u00efns Assessora&#8217;t gratis i rep una proposta exclusiva i detallada en menys de 24 hores Gaudeix dels millors videoporters per a comunitats de ve\u00efns instal\u00b7lats i al millor preu A l&#8217;hora d&#8217;escollir un [&hellip;]<\/p>\n","protected":false},"author":1,"featured_media":0,"parent":0,"menu_order":0,"comment_status":"closed","ping_status":"closed","template":"elementor_header_footer","meta":{"footnotes":""},"class_list":["post-962","page","type-page","status-publish","hentry"],"_links":{"self":[{"href":"https:\/\/sidetel.eu\/index.php\/wp-json\/wp\/v2\/pages\/962","targetHints":{"allow":["GET"]}}],"collection":[{"href":"https:\/\/sidetel.eu\/index.php\/wp-json\/wp\/v2\/pages"}],"about":[{"href":"https:\/\/sidetel.eu\/index.php\/wp-json\/wp\/v2\/types\/page"}],"author":[{"embeddable":true,"href":"https:\/\/sidetel.eu\/index.php\/wp-json\/wp\/v2\/users\/1"}],"replies":[{"embeddable":true,"href":"https:\/\/sidetel.eu\/index.php\/wp-json\/wp\/v2\/comments?post=962"}],"version-history":[{"count":20,"href":"https:\/\/sidetel.eu\/index.php\/wp-json\/wp\/v2\/pages\/962\/revisions"}],"predecessor-version":[{"id":1197,"href":"https:\/\/sidetel.eu\/index.php\/wp-json\/wp\/v2\/pages\/962\/revisions\/1197"}],"wp:attachment":[{"href":"https:\/\/sidetel.eu\/index.php\/wp-json\/wp\/v2\/media?parent=962"}],"curies":[{"name":"wp","href":"https:\/\/api.w.org\/{rel}","templated":true}]}}