{"id":951,"date":"2024-08-16T16:13:02","date_gmt":"2024-08-16T16:13:02","guid":{"rendered":"https:\/\/sidetel.beringserveis.eu\/?page_id=951"},"modified":"2024-11-30T16:38:31","modified_gmt":"2024-11-30T16:38:31","slug":"manteneiment-antenes","status":"publish","type":"page","link":"https:\/\/sidetel.eu\/index.php\/manteneiment-antenes\/","title":{"rendered":"Manteniment antenes"},"content":{"rendered":"\t\t<div data-elementor-type=\"wp-page\" data-elementor-id=\"951\" class=\"elementor elementor-951\" data-elementor-post-type=\"page\">\n\t\t\t\t<div class=\"elementor-element elementor-element-6deb115 e-flex e-con-boxed e-con e-parent\" data-id=\"6deb115\" data-element_type=\"container\">\n\t\t\t\t\t<div class=\"e-con-inner\">\n\t\t<div class=\"elementor-element elementor-element-831d43d e-con-full e-flex e-con e-child\" data-id=\"831d43d\" data-element_type=\"container\">\n\t\t\t\t<div class=\"elementor-element elementor-element-dafc3d9 elementor-widget elementor-widget-heading\" data-id=\"dafc3d9\" data-element_type=\"widget\" data-widget_type=\"heading.default\">\n\t\t\t\t<div class=\"elementor-widget-container\">\n\t\t\t\t\t<h5 class=\"elementor-heading-title elementor-size-default\">MANTENIMENT D'ANTENES COMUNITAT DE MADRID<\/h5>\t\t\t\t<\/div>\n\t\t\t\t<\/div>\n\t\t\t\t<div class=\"elementor-element elementor-element-0ec82fb elementor-widget elementor-widget-heading\" data-id=\"0ec82fb\" data-element_type=\"widget\" data-widget_type=\"heading.default\">\n\t\t\t\t<div class=\"elementor-widget-container\">\n\t\t\t\t\t<h6 class=\"elementor-heading-title elementor-size-default\">Des del 1995 amb manteniment d'antenes a Vilanova\n<\/h6>\t\t\t\t<\/div>\n\t\t\t\t<\/div>\n\t\t\t\t<div class=\"elementor-element elementor-element-c6de103 elementor-widget elementor-widget-heading\" data-id=\"c6de103\" data-element_type=\"widget\" data-widget_type=\"heading.default\">\n\t\t\t\t<div class=\"elementor-widget-container\">\n\t\t\t\t\t<h3 class=\"elementor-heading-title elementor-size-default\">Deixa la teva antena a les nostres mans i gaudeix de 0 problemes\n<\/h3>\t\t\t\t<\/div>\n\t\t\t\t<\/div>\n\t\t\t\t<div class=\"elementor-element elementor-element-a606986 elementor-widget elementor-widget-text-editor\" data-id=\"a606986\" data-element_type=\"widget\" data-widget_type=\"text-editor.default\">\n\t\t\t\t<div class=\"elementor-widget-container\">\n\t\t\t\t\t\t\t\t\tM\u00e9s de 10.000 comunitats i 25.000 clients ja han confiat en nosaltres\t\t\t\t\t\t\t\t<\/div>\n\t\t\t\t<\/div>\n\t\t\t\t<\/div>\n\t\t<div class=\"elementor-element elementor-element-2ef0308 e-con-full e-flex e-con e-child\" data-id=\"2ef0308\" data-element_type=\"container\">\n\t\t\t\t<div class=\"elementor-element elementor-element-0f7681c elementor-widget elementor-widget-image\" data-id=\"0f7681c\" data-element_type=\"widget\" data-widget_type=\"image.default\">\n\t\t\t\t<div class=\"elementor-widget-container\">\n\t\t\t\t\t\t\t\t\t\t\t\t\t\t\t<img fetchpriority=\"high\" decoding=\"async\" width=\"800\" height=\"534\" src=\"https:\/\/sidetel.eu\/wp-content\/uploads\/2024\/08\/the-mechanic-uses-a-screwdriver-to-tighten-the-screws-on-the-tv--1024x684.jpg\" class=\"attachment-large size-large wp-image-1082\" alt=\"\" srcset=\"https:\/\/sidetel.eu\/wp-content\/uploads\/2024\/08\/the-mechanic-uses-a-screwdriver-to-tighten-the-screws-on-the-tv--1024x684.jpg 1024w, https:\/\/sidetel.eu\/wp-content\/uploads\/2024\/08\/the-mechanic-uses-a-screwdriver-to-tighten-the-screws-on-the-tv--300x200.jpg 300w, https:\/\/sidetel.eu\/wp-content\/uploads\/2024\/08\/the-mechanic-uses-a-screwdriver-to-tighten-the-screws-on-the-tv--768x513.jpg 768w, https:\/\/sidetel.eu\/wp-content\/uploads\/2024\/08\/the-mechanic-uses-a-screwdriver-to-tighten-the-screws-on-the-tv-.jpg 1200w\" sizes=\"(max-width: 800px) 100vw, 800px\" \/>\t\t\t\t\t\t\t\t\t\t\t\t\t\t\t<\/div>\n\t\t\t\t<\/div>\n\t\t\t\t<\/div>\n\t\t\t\t\t<\/div>\n\t\t\t\t<\/div>\n\t\t<div class=\"elementor-element elementor-element-2bf53d6 e-flex e-con-boxed e-con e-parent\" data-id=\"2bf53d6\" data-element_type=\"container\" data-settings=\"{&quot;background_background&quot;:&quot;classic&quot;}\">\n\t\t\t\t\t<div class=\"e-con-inner\">\n\t\t<div class=\"elementor-element elementor-element-3298634 e-con-full e-flex e-con e-child\" data-id=\"3298634\" data-element_type=\"container\">\n\t\t\t\t<div class=\"elementor-element elementor-element-54c562e elementor-widget__width-initial elementor-widget elementor-widget-heading\" data-id=\"54c562e\" data-element_type=\"widget\" data-widget_type=\"heading.default\">\n\t\t\t\t<div class=\"elementor-widget-container\">\n\t\t\t\t\t<h3 class=\"elementor-heading-title elementor-size-default\">Especialistes en Manteniment d'Antenes TDT i Parab\u00f2liques a la Vilanova\n<\/h3>\t\t\t\t<\/div>\n\t\t\t\t<\/div>\n\t\t\t\t<\/div>\n\t\t<div class=\"elementor-element elementor-element-f3815bd e-con-full e-flex e-con e-child\" data-id=\"f3815bd\" data-element_type=\"container\">\n\t\t\t\t<div class=\"elementor-element elementor-element-1852fbe elementor-widget__width-initial elementor-widget elementor-widget-text-editor\" data-id=\"1852fbe\" data-element_type=\"widget\" data-widget_type=\"text-editor.default\">\n\t\t\t\t<div class=\"elementor-widget-container\">\n\t\t\t\t\t\t\t\t\tGaudeix d\u00b4un servei de manteniment d\u00b4antenes impecable, executat per una empresa amb m\u00e9s de 50 anys d\u00b4hist\u00f2ria i que coneix perfectament les necessitats dels clients i els millors processos d\u00b4antenistes professionals\n\t\t\t\t\t\t\t\t<\/div>\n\t\t\t\t<\/div>\n\t\t\t\t<\/div>\n\t\t\t\t\t<\/div>\n\t\t\t\t<\/div>\n\t\t<div class=\"elementor-element elementor-element-7534a38 e-flex e-con-boxed e-con e-parent\" data-id=\"7534a38\" data-element_type=\"container\">\n\t\t\t\t\t<div class=\"e-con-inner\">\n\t\t<div class=\"elementor-element elementor-element-e59afb5 e-con-full e-flex e-con e-child\" data-id=\"e59afb5\" data-element_type=\"container\">\n\t\t\t\t<div class=\"elementor-element elementor-element-3606994 elementor-widget elementor-widget-heading\" data-id=\"3606994\" data-element_type=\"widget\" data-widget_type=\"heading.default\">\n\t\t\t\t<div class=\"elementor-widget-container\">\n\t\t\t\t\t<h3 class=\"elementor-heading-title elementor-size-default\">Avantatges dels nostres contractes exclusius de Conservaci\u00f3 i Manteniment d'Antenes<\/h3>\t\t\t\t<\/div>\n\t\t\t\t<\/div>\n\t\t\t\t<\/div>\n\t\t<div class=\"elementor-element elementor-element-2b6721f e-con-full e-flex e-con e-child\" data-id=\"2b6721f\" data-element_type=\"container\">\n\t\t\t\t<div class=\"elementor-element elementor-element-ea08416 elementor-widget__width-initial elementor-position-top elementor-widget elementor-widget-image-box\" data-id=\"ea08416\" data-element_type=\"widget\" data-widget_type=\"image-box.default\">\n\t\t\t\t<div class=\"elementor-widget-container\">\n\t\t\t\t\t<div class=\"elementor-image-box-wrapper\"><figure class=\"elementor-image-box-img\"><img decoding=\"async\" width=\"1400\" height=\"935\" src=\"https:\/\/sidetel.eu\/wp-content\/uploads\/2024\/08\/img23.jpg\" class=\"attachment-full size-full wp-image-1095\" alt=\"\" srcset=\"https:\/\/sidetel.eu\/wp-content\/uploads\/2024\/08\/img23.jpg 1400w, https:\/\/sidetel.eu\/wp-content\/uploads\/2024\/08\/img23-300x200.jpg 300w, https:\/\/sidetel.eu\/wp-content\/uploads\/2024\/08\/img23-1024x684.jpg 1024w, https:\/\/sidetel.eu\/wp-content\/uploads\/2024\/08\/img23-768x513.jpg 768w\" sizes=\"(max-width: 1400px) 100vw, 1400px\" \/><\/figure><div class=\"elementor-image-box-content\"><h5 class=\"elementor-image-box-title\">Atenci\u00f3 personalitzada ia mida<\/h5><p class=\"elementor-image-box-description\">Entendrem les teves necessitats i adaptarem el Contracte de Manteniment per cobrir tot all\u00f2 que necessitis amb les majors facilitats i beneficis per a tu\n<\/p><\/div><\/div>\t\t\t\t<\/div>\n\t\t\t\t<\/div>\n\t\t\t\t<div class=\"elementor-element elementor-element-57f97d9 elementor-widget__width-initial elementor-position-top elementor-widget elementor-widget-image-box\" data-id=\"57f97d9\" data-element_type=\"widget\" data-widget_type=\"image-box.default\">\n\t\t\t\t<div class=\"elementor-widget-container\">\n\t\t\t\t\t<div class=\"elementor-image-box-wrapper\"><figure class=\"elementor-image-box-img\"><img decoding=\"async\" width=\"1200\" height=\"800\" src=\"https:\/\/sidetel.eu\/wp-content\/uploads\/2024\/08\/antenna-of-satellite-television.jpg\" class=\"attachment-full size-full wp-image-1094\" alt=\"\" srcset=\"https:\/\/sidetel.eu\/wp-content\/uploads\/2024\/08\/antenna-of-satellite-television.jpg 1200w, https:\/\/sidetel.eu\/wp-content\/uploads\/2024\/08\/antenna-of-satellite-television-300x200.jpg 300w, https:\/\/sidetel.eu\/wp-content\/uploads\/2024\/08\/antenna-of-satellite-television-1024x683.jpg 1024w, https:\/\/sidetel.eu\/wp-content\/uploads\/2024\/08\/antenna-of-satellite-television-768x512.jpg 768w\" sizes=\"(max-width: 1200px) 100vw, 1200px\" \/><\/figure><div class=\"elementor-image-box-content\"><h5 class=\"elementor-image-box-title\">Demana m\u00e9s informaci\u00f3 i t'ajudarem a &lt;48<\/h5><p class=\"elementor-image-box-description\">Demana el teu pressupost i rep una proposta per beneficiar-te dels nostres contractes exclusius amb tots els detalls i beneficis de Portersa\n<\/p><\/div><\/div>\t\t\t\t<\/div>\n\t\t\t\t<\/div>\n\t\t\t\t<div class=\"elementor-element elementor-element-c34d31b elementor-widget__width-initial elementor-position-top elementor-widget elementor-widget-image-box\" data-id=\"c34d31b\" data-element_type=\"widget\" data-widget_type=\"image-box.default\">\n\t\t\t\t<div class=\"elementor-widget-container\">\n\t\t\t\t\t<div class=\"elementor-image-box-wrapper\"><figure class=\"elementor-image-box-img\"><img loading=\"lazy\" decoding=\"async\" width=\"1200\" height=\"801\" src=\"https:\/\/sidetel.eu\/wp-content\/uploads\/2024\/08\/locking-entrance-door-with-a-smart-phone.jpg\" class=\"attachment-full size-full wp-image-1089\" alt=\"\" srcset=\"https:\/\/sidetel.eu\/wp-content\/uploads\/2024\/08\/locking-entrance-door-with-a-smart-phone.jpg 1200w, https:\/\/sidetel.eu\/wp-content\/uploads\/2024\/08\/locking-entrance-door-with-a-smart-phone-300x200.jpg 300w, https:\/\/sidetel.eu\/wp-content\/uploads\/2024\/08\/locking-entrance-door-with-a-smart-phone-1024x684.jpg 1024w, https:\/\/sidetel.eu\/wp-content\/uploads\/2024\/08\/locking-entrance-door-with-a-smart-phone-768x513.jpg 768w\" sizes=\"(max-width: 1200px) 100vw, 1200px\" \/><\/figure><div class=\"elementor-image-box-content\"><h5 class=\"elementor-image-box-title\">Assessorament totalment gratu\u00eft per entendre't<\/h5><p class=\"elementor-image-box-description\">Tindr\u00e0s ajuda abans, al llarg i despr\u00e9s dels serveis per part nostra. La nostra intenci\u00f3 \u00e9s ajudar-te i oferir-te el millor servei i la millor atenci\u00f3<\/p><\/div><\/div>\t\t\t\t<\/div>\n\t\t\t\t<\/div>\n\t\t\t\t<\/div>\n\t\t<div class=\"elementor-element elementor-element-58b1300 e-con-full e-flex e-con e-child\" data-id=\"58b1300\" data-element_type=\"container\">\n\t\t\t\t<div class=\"elementor-element elementor-element-4b771db elementor-widget__width-initial elementor-position-top elementor-widget elementor-widget-image-box\" data-id=\"4b771db\" data-element_type=\"widget\" data-widget_type=\"image-box.default\">\n\t\t\t\t<div class=\"elementor-widget-container\">\n\t\t\t\t\t<div class=\"elementor-image-box-wrapper\"><figure class=\"elementor-image-box-img\"><img loading=\"lazy\" decoding=\"async\" width=\"1200\" height=\"800\" src=\"https:\/\/sidetel.eu\/wp-content\/uploads\/2024\/08\/technician-disassembling-tv-set.jpg\" class=\"attachment-full size-full wp-image-1083\" alt=\"\" srcset=\"https:\/\/sidetel.eu\/wp-content\/uploads\/2024\/08\/technician-disassembling-tv-set.jpg 1200w, https:\/\/sidetel.eu\/wp-content\/uploads\/2024\/08\/technician-disassembling-tv-set-300x200.jpg 300w, https:\/\/sidetel.eu\/wp-content\/uploads\/2024\/08\/technician-disassembling-tv-set-1024x683.jpg 1024w, https:\/\/sidetel.eu\/wp-content\/uploads\/2024\/08\/technician-disassembling-tv-set-768x512.jpg 768w\" sizes=\"(max-width: 1200px) 100vw, 1200px\" \/><\/figure><div class=\"elementor-image-box-content\"><h5 class=\"elementor-image-box-title\">Servei t\u00e8cnic expr\u00e9s insuperable<\/h5><p class=\"elementor-image-box-description\">El nostre equip de t\u00e8cnics autoritzats est\u00e0 perfectament distribu\u00eft a la Vilanova i es mou en vehicles de mida redu\u00efda, cosa que \u00e9s un avantatge competitiu per atendre els nostres clients amb la major rapidesa possible.\n<\/p><\/div><\/div>\t\t\t\t<\/div>\n\t\t\t\t<\/div>\n\t\t\t\t<div class=\"elementor-element elementor-element-a5b49f6 elementor-widget__width-initial elementor-position-top elementor-widget elementor-widget-image-box\" data-id=\"a5b49f6\" data-element_type=\"widget\" data-widget_type=\"image-box.default\">\n\t\t\t\t<div class=\"elementor-widget-container\">\n\t\t\t\t\t<div class=\"elementor-image-box-wrapper\"><figure class=\"elementor-image-box-img\"><img loading=\"lazy\" decoding=\"async\" width=\"1200\" height=\"801\" src=\"https:\/\/sidetel.eu\/wp-content\/uploads\/2024\/08\/the-mechanic-uses-a-screwdriver-to-tighten-the-screws-on-the-tv-.jpg\" class=\"attachment-full size-full wp-image-1082\" alt=\"\" srcset=\"https:\/\/sidetel.eu\/wp-content\/uploads\/2024\/08\/the-mechanic-uses-a-screwdriver-to-tighten-the-screws-on-the-tv-.jpg 1200w, https:\/\/sidetel.eu\/wp-content\/uploads\/2024\/08\/the-mechanic-uses-a-screwdriver-to-tighten-the-screws-on-the-tv--300x200.jpg 300w, https:\/\/sidetel.eu\/wp-content\/uploads\/2024\/08\/the-mechanic-uses-a-screwdriver-to-tighten-the-screws-on-the-tv--1024x684.jpg 1024w, https:\/\/sidetel.eu\/wp-content\/uploads\/2024\/08\/the-mechanic-uses-a-screwdriver-to-tighten-the-screws-on-the-tv--768x513.jpg 768w\" sizes=\"(max-width: 1200px) 100vw, 1200px\" \/><\/figure><div class=\"elementor-image-box-content\"><h5 class=\"elementor-image-box-title\">Proposta exclusiva 100% personalitzada<\/h5><p class=\"elementor-image-box-description\">Rebr\u00e0s una proposta totalment a mesura que podr\u00e0s valorar tranquil\u00b7lament i comparar amb qualsevol altra empresa. Estem segurs que el valor que et podem aportar no el pots trobar en un altre lloc.\n<\/p><\/div><\/div>\t\t\t\t<\/div>\n\t\t\t\t<\/div>\n\t\t\t\t<div class=\"elementor-element elementor-element-8586e0d elementor-widget__width-initial elementor-position-top elementor-widget elementor-widget-image-box\" data-id=\"8586e0d\" data-element_type=\"widget\" data-widget_type=\"image-box.default\">\n\t\t\t\t<div class=\"elementor-widget-container\">\n\t\t\t\t\t<div class=\"elementor-image-box-wrapper\"><figure class=\"elementor-image-box-img\"><img loading=\"lazy\" decoding=\"async\" width=\"2000\" height=\"1333\" src=\"https:\/\/sidetel.eu\/wp-content\/uploads\/2024\/08\/man-hands-repair-make-broken-tv-remote-1.jpg\" class=\"attachment-full size-full wp-image-1080\" alt=\"\" srcset=\"https:\/\/sidetel.eu\/wp-content\/uploads\/2024\/08\/man-hands-repair-make-broken-tv-remote-1.jpg 2000w, https:\/\/sidetel.eu\/wp-content\/uploads\/2024\/08\/man-hands-repair-make-broken-tv-remote-1-300x200.jpg 300w, https:\/\/sidetel.eu\/wp-content\/uploads\/2024\/08\/man-hands-repair-make-broken-tv-remote-1-1024x682.jpg 1024w, https:\/\/sidetel.eu\/wp-content\/uploads\/2024\/08\/man-hands-repair-make-broken-tv-remote-1-768x512.jpg 768w, https:\/\/sidetel.eu\/wp-content\/uploads\/2024\/08\/man-hands-repair-make-broken-tv-remote-1-1536x1024.jpg 1536w\" sizes=\"(max-width: 2000px) 100vw, 2000px\" \/><\/figure><div class=\"elementor-image-box-content\"><h5 class=\"elementor-image-box-title\">M\u00e9s de 60 anys d'experi\u00e8ncia treballant<\/h5><p class=\"elementor-image-box-description\">Tots aquests anys ens permeten assegurar-te avui un proc\u00e9s perfectament dissenyat per complir totes les teves expectatives i mantenir perfectament la teva\/es antena\/es. Agilitat, professionalitat i capacitat d'enteniment\n<\/p><\/div><\/div>\t\t\t\t<\/div>\n\t\t\t\t<\/div>\n\t\t\t\t<\/div>\n\t\t\t\t\t<\/div>\n\t\t\t\t<\/div>\n\t\t<div class=\"elementor-element elementor-element-af26466 e-flex e-con-boxed e-con e-parent\" data-id=\"af26466\" data-element_type=\"container\" data-settings=\"{&quot;background_background&quot;:&quot;classic&quot;}\">\n\t\t\t\t\t<div class=\"e-con-inner\">\n\t\t<div class=\"elementor-element elementor-element-1783d9e e-con-full e-flex e-con e-child\" data-id=\"1783d9e\" data-element_type=\"container\">\n\t\t\t\t<div class=\"elementor-element elementor-element-257473e elementor-widget elementor-widget-image\" data-id=\"257473e\" data-element_type=\"widget\" data-widget_type=\"image.default\">\n\t\t\t\t<div class=\"elementor-widget-container\">\n\t\t\t\t\t\t\t\t\t\t\t\t\t\t\t<img loading=\"lazy\" decoding=\"async\" width=\"800\" height=\"800\" src=\"https:\/\/sidetel.eu\/wp-content\/uploads\/2024\/08\/television-aerial-1024x1024.jpg\" class=\"attachment-large size-large wp-image-1093\" alt=\"\" srcset=\"https:\/\/sidetel.eu\/wp-content\/uploads\/2024\/08\/television-aerial-1024x1024.jpg 1024w, https:\/\/sidetel.eu\/wp-content\/uploads\/2024\/08\/television-aerial-300x300.jpg 300w, https:\/\/sidetel.eu\/wp-content\/uploads\/2024\/08\/television-aerial-150x150.jpg 150w, https:\/\/sidetel.eu\/wp-content\/uploads\/2024\/08\/television-aerial-768x768.jpg 768w, https:\/\/sidetel.eu\/wp-content\/uploads\/2024\/08\/television-aerial.jpg 1200w\" sizes=\"(max-width: 800px) 100vw, 800px\" \/>\t\t\t\t\t\t\t\t\t\t\t\t\t\t\t<\/div>\n\t\t\t\t<\/div>\n\t\t\t\t<\/div>\n\t\t<div class=\"elementor-element elementor-element-4e1952f e-con-full e-flex e-con e-child\" data-id=\"4e1952f\" data-element_type=\"container\">\n\t\t\t\t<div class=\"elementor-element elementor-element-1f1678e elementor-widget elementor-widget-heading\" data-id=\"1f1678e\" data-element_type=\"widget\" data-widget_type=\"heading.default\">\n\t\t\t\t<div class=\"elementor-widget-container\">\n\t\t\t\t\t<h3 class=\"elementor-heading-title elementor-size-default\">Contracte especial de manteniment d'antenes per a comunitats de propietaris\n<\/h3>\t\t\t\t<\/div>\n\t\t\t\t<\/div>\n\t\t\t\t<div class=\"elementor-element elementor-element-524ba40 elementor-widget__width-initial elementor-widget elementor-widget-text-editor\" data-id=\"524ba40\" data-element_type=\"widget\" data-widget_type=\"text-editor.default\">\n\t\t\t\t<div class=\"elementor-widget-container\">\n\t\t\t\t\t\t\t\t\t<p>Gaudeix d\u00b4unes condicions insuperables a nivell de facilitats, efic\u00e0cia, qualitat i atenci\u00f3 amb l\u00b4empresa l\u00edder en serveis d\u00b4antenes a la Vilanova.<\/p><p>Si busques tranquil\u00b7litat, seguretat i garantia que l&#8217;antena de la teva Comunitat funcioni perfectament, ets al lloc adequat.<\/p><p>Tenim un Pla a mida i \u00fanic per a Comunitats de Ve\u00efns a Vilanova. Informa&#8217;t GRATIS i sense cap comprom\u00eds!<\/p>\t\t\t\t\t\t\t\t<\/div>\n\t\t\t\t<\/div>\n\t\t\t\t<\/div>\n\t\t\t\t\t<\/div>\n\t\t\t\t<\/div>\n\t\t<div class=\"elementor-element elementor-element-4375e56 e-flex e-con-boxed e-con e-parent\" data-id=\"4375e56\" data-element_type=\"container\">\n\t\t\t\t\t<div class=\"e-con-inner\">\n\t\t<div class=\"elementor-element elementor-element-3c4104a e-con-full e-flex e-con e-child\" data-id=\"3c4104a\" data-element_type=\"container\">\n\t\t\t\t<div class=\"elementor-element elementor-element-1a2f5b5 elementor-widget elementor-widget-heading\" data-id=\"1a2f5b5\" data-element_type=\"widget\" data-widget_type=\"heading.default\">\n\t\t\t\t<div class=\"elementor-widget-container\">\n\t\t\t\t\t<h3 class=\"elementor-heading-title elementor-size-default\">Per qu\u00e8 \u00e9s important un correcte manteniment de les antenes de televisi\u00f3?\n<\/h3>\t\t\t\t<\/div>\n\t\t\t\t<\/div>\n\t\t\t\t<div class=\"elementor-element elementor-element-874f174 elementor-widget__width-initial elementor-widget elementor-widget-text-editor\" data-id=\"874f174\" data-element_type=\"widget\" data-widget_type=\"text-editor.default\">\n\t\t\t\t<div class=\"elementor-widget-container\">\n\t\t\t\t\t\t\t\t\t<ol><li><strong>Garantiza la calidad de la se\u00f1al<\/strong>: El mantenimiento adecuado de la antena de televisi\u00f3n puede garantizar una buena calidad de se\u00f1al de televisi\u00f3n, lo que se traduce en una mejor experiencia de visualizaci\u00f3n.<\/li><li><strong>Perllonga la vida \u00fatil<\/strong>, evitant la necessitat de reempla\u00e7ar-la amb freq\u00fc\u00e8ncia.<\/li><li><strong>Evita costos addicionals<\/strong>: Una antena de televisi\u00f3 mal mantinguda pot requerir reparacions costoses o fins i tot reempla\u00e7ament.<\/li><li><strong>Millora la seguretat<\/strong>: Les antenes de televisi\u00f3 mal mantingudes poden presentar riscos per a la seguretat, especialment si es troben a llocs alts o exposades a condicions clim\u00e0tiques extremes. Un manteniment adequat pot garantir que l\u201fantena estigui en bon estat i no representi un risc per a les persones o la propietat.<\/li><\/ol>\t\t\t\t\t\t\t\t<\/div>\n\t\t\t\t<\/div>\n\t\t\t\t<\/div>\n\t\t<div class=\"elementor-element elementor-element-e10774c e-con-full e-flex e-con e-child\" data-id=\"e10774c\" data-element_type=\"container\">\n\t\t\t\t<div class=\"elementor-element elementor-element-8888445 elementor-widget elementor-widget-image\" data-id=\"8888445\" data-element_type=\"widget\" data-widget_type=\"image.default\">\n\t\t\t\t<div class=\"elementor-widget-container\">\n\t\t\t\t\t\t\t\t\t\t\t\t\t\t\t<img loading=\"lazy\" decoding=\"async\" width=\"683\" height=\"1024\" src=\"https:\/\/sidetel.eu\/wp-content\/uploads\/2024\/08\/technician-plugging-in-tv-cable-683x1024.jpg\" class=\"attachment-large size-large wp-image-1084\" alt=\"\" srcset=\"https:\/\/sidetel.eu\/wp-content\/uploads\/2024\/08\/technician-plugging-in-tv-cable-683x1024.jpg 683w, https:\/\/sidetel.eu\/wp-content\/uploads\/2024\/08\/technician-plugging-in-tv-cable-200x300.jpg 200w, https:\/\/sidetel.eu\/wp-content\/uploads\/2024\/08\/technician-plugging-in-tv-cable-768x1152.jpg 768w, https:\/\/sidetel.eu\/wp-content\/uploads\/2024\/08\/technician-plugging-in-tv-cable.jpg 800w\" sizes=\"(max-width: 683px) 100vw, 683px\" \/>\t\t\t\t\t\t\t\t\t\t\t\t\t\t\t<\/div>\n\t\t\t\t<\/div>\n\t\t\t\t<\/div>\n\t\t\t\t\t<\/div>\n\t\t\t\t<\/div>\n\t\t\t\t<\/div>\n\t\t","protected":false},"excerpt":{"rendered":"<p>MANTENIMENT D&#8217;ANTENES COMUNITAT DE MADRID Des del 1995 amb manteniment d&#8217;antenes a Vilanova Deixa la teva antena a les nostres mans i gaudeix de 0 problemes M\u00e9s de 10.000 comunitats i 25.000 clients ja han confiat en nosaltres Especialistes en Manteniment d&#8217;Antenes TDT i Parab\u00f2liques a la Vilanova Gaudeix d\u00b4un servei de manteniment d\u00b4antenes impecable, [&hellip;]<\/p>\n","protected":false},"author":1,"featured_media":0,"parent":0,"menu_order":0,"comment_status":"closed","ping_status":"closed","template":"elementor_header_footer","meta":{"footnotes":""},"class_list":["post-951","page","type-page","status-publish","hentry"],"_links":{"self":[{"href":"https:\/\/sidetel.eu\/index.php\/wp-json\/wp\/v2\/pages\/951","targetHints":{"allow":["GET"]}}],"collection":[{"href":"https:\/\/sidetel.eu\/index.php\/wp-json\/wp\/v2\/pages"}],"about":[{"href":"https:\/\/sidetel.eu\/index.php\/wp-json\/wp\/v2\/types\/page"}],"author":[{"embeddable":true,"href":"https:\/\/sidetel.eu\/index.php\/wp-json\/wp\/v2\/users\/1"}],"replies":[{"embeddable":true,"href":"https:\/\/sidetel.eu\/index.php\/wp-json\/wp\/v2\/comments?post=951"}],"version-history":[{"count":20,"href":"https:\/\/sidetel.eu\/index.php\/wp-json\/wp\/v2\/pages\/951\/revisions"}],"predecessor-version":[{"id":1179,"href":"https:\/\/sidetel.eu\/index.php\/wp-json\/wp\/v2\/pages\/951\/revisions\/1179"}],"wp:attachment":[{"href":"https:\/\/sidetel.eu\/index.php\/wp-json\/wp\/v2\/media?parent=951"}],"curies":[{"name":"wp","href":"https:\/\/api.w.org\/{rel}","templated":true}]}}