{"id":945,"date":"2024-08-16T16:02:18","date_gmt":"2024-08-16T16:02:18","guid":{"rendered":"https:\/\/sidetel.beringserveis.eu\/?page_id=945"},"modified":"2024-11-30T16:51:42","modified_gmt":"2024-11-30T16:51:42","slug":"xarxes","status":"publish","type":"page","link":"https:\/\/sidetel.eu\/index.php\/xarxes\/","title":{"rendered":"Xarxes"},"content":{"rendered":"\t\t<div data-elementor-type=\"wp-page\" data-elementor-id=\"945\" class=\"elementor elementor-945\" data-elementor-post-type=\"page\">\n\t\t\t\t<div class=\"elementor-element elementor-element-6deb115 e-flex e-con-boxed e-con e-parent\" data-id=\"6deb115\" data-element_type=\"container\">\n\t\t\t\t\t<div class=\"e-con-inner\">\n\t\t<div class=\"elementor-element elementor-element-831d43d e-con-full e-flex e-con e-child\" data-id=\"831d43d\" data-element_type=\"container\">\n\t\t\t\t<div class=\"elementor-element elementor-element-dafc3d9 elementor-widget elementor-widget-heading\" data-id=\"dafc3d9\" data-element_type=\"widget\" data-widget_type=\"heading.default\">\n\t\t\t\t<div class=\"elementor-widget-container\">\n\t\t\t\t\t<h5 class=\"elementor-heading-title elementor-size-default\">SOLUCIONS WIFI PER A HOTELS\n<\/h5>\t\t\t\t<\/div>\n\t\t\t\t<\/div>\n\t\t\t\t<div class=\"elementor-element elementor-element-0ec82fb elementor-widget elementor-widget-heading\" data-id=\"0ec82fb\" data-element_type=\"widget\" data-widget_type=\"heading.default\">\n\t\t\t\t<div class=\"elementor-widget-container\">\n\t\t\t\t\t<h6 class=\"elementor-heading-title elementor-size-default\">Solucions de wifi per a hotels de qualitat\n<\/h6>\t\t\t\t<\/div>\n\t\t\t\t<\/div>\n\t\t\t\t<div class=\"elementor-element elementor-element-c6de103 elementor-widget elementor-widget-heading\" data-id=\"c6de103\" data-element_type=\"widget\" data-widget_type=\"heading.default\">\n\t\t\t\t<div class=\"elementor-widget-container\">\n\t\t\t\t\t<h3 class=\"elementor-heading-title elementor-size-default\">Ofereix la millor connexi\u00f3 wifi a qualsevol rac\u00f3 del teu hotel\n<\/h3>\t\t\t\t<\/div>\n\t\t\t\t<\/div>\n\t\t\t\t<div class=\"elementor-element elementor-element-a606986 elementor-widget elementor-widget-text-editor\" data-id=\"a606986\" data-element_type=\"widget\" data-widget_type=\"text-editor.default\">\n\t\t\t\t<div class=\"elementor-widget-container\">\n\t\t\t\t\t\t\t\t\tI augmenta la satisfacci\u00f3 dels teus hostes amb les nostres instal\u00b7lacions de connexi\u00f3 wifi avan\u00e7ades per a hotels\n\t\t\t\t\t\t\t\t<\/div>\n\t\t\t\t<\/div>\n\t\t\t\t<\/div>\n\t\t<div class=\"elementor-element elementor-element-20280ac e-con-full e-flex e-con e-child\" data-id=\"20280ac\" data-element_type=\"container\">\n\t\t\t\t<div class=\"elementor-element elementor-element-f01e26b elementor-widget elementor-widget-image\" data-id=\"f01e26b\" data-element_type=\"widget\" data-widget_type=\"image.default\">\n\t\t\t\t<div class=\"elementor-widget-container\">\n\t\t\t\t\t\t\t\t\t\t\t\t\t\t\t<img fetchpriority=\"high\" decoding=\"async\" width=\"800\" height=\"629\" src=\"https:\/\/sidetel.eu\/wp-content\/uploads\/2024\/08\/img1-1-1024x805.jpg\" class=\"attachment-large size-large wp-image-1096\" alt=\"\" srcset=\"https:\/\/sidetel.eu\/wp-content\/uploads\/2024\/08\/img1-1-1024x805.jpg 1024w, https:\/\/sidetel.eu\/wp-content\/uploads\/2024\/08\/img1-1-300x236.jpg 300w, https:\/\/sidetel.eu\/wp-content\/uploads\/2024\/08\/img1-1-768x603.jpg 768w, https:\/\/sidetel.eu\/wp-content\/uploads\/2024\/08\/img1-1.jpg 1190w\" sizes=\"(max-width: 800px) 100vw, 800px\" \/>\t\t\t\t\t\t\t\t\t\t\t\t\t\t\t<\/div>\n\t\t\t\t<\/div>\n\t\t\t\t<\/div>\n\t\t\t\t\t<\/div>\n\t\t\t\t<\/div>\n\t\t<div class=\"elementor-element elementor-element-2bf53d6 e-flex e-con-boxed e-con e-parent\" data-id=\"2bf53d6\" data-element_type=\"container\" data-settings=\"{&quot;background_background&quot;:&quot;classic&quot;}\">\n\t\t\t\t\t<div class=\"e-con-inner\">\n\t\t<div class=\"elementor-element elementor-element-3298634 e-con-full e-flex e-con e-child\" data-id=\"3298634\" data-element_type=\"container\">\n\t\t\t\t<div class=\"elementor-element elementor-element-54c562e elementor-widget__width-initial elementor-widget elementor-widget-heading\" data-id=\"54c562e\" data-element_type=\"widget\" data-widget_type=\"heading.default\">\n\t\t\t\t<div class=\"elementor-widget-container\">\n\t\t\t\t\t<h3 class=\"elementor-heading-title elementor-size-default\">Experts en solucions de wifi per a hotels\n<\/h3>\t\t\t\t<\/div>\n\t\t\t\t<\/div>\n\t\t\t\t<\/div>\n\t\t<div class=\"elementor-element elementor-element-f3815bd e-con-full e-flex e-con e-child\" data-id=\"f3815bd\" data-element_type=\"container\">\n\t\t\t\t<div class=\"elementor-element elementor-element-ed3e7e4 elementor-widget elementor-widget-image\" data-id=\"ed3e7e4\" data-element_type=\"widget\" data-widget_type=\"image.default\">\n\t\t\t\t<div class=\"elementor-widget-container\">\n\t\t\t\t\t\t\t\t\t\t\t\t\t\t\t<img decoding=\"async\" src=\"https:\/\/sidetel.eu\/wp-content\/uploads\/2024\/08\/tecnologia1.svg\" title=\"\" alt=\"\" loading=\"lazy\" \/>\t\t\t\t\t\t\t\t\t\t\t\t\t\t\t<\/div>\n\t\t\t\t<\/div>\n\t\t\t\t<div class=\"elementor-element elementor-element-1852fbe elementor-widget__width-initial elementor-widget elementor-widget-text-editor\" data-id=\"1852fbe\" data-element_type=\"widget\" data-widget_type=\"text-editor.default\">\n\t\t\t\t<div class=\"elementor-widget-container\">\n\t\t\t\t\t\t\t\t\tSom un equip especialitzat en telecomunicacions, xarxes i seguretat operant des de 1995. Realitzem instal\u00b7laci\u00f3 de fibra \u00f2ptica i instal\u00b7lacions wifi per a hotels a mida de cada client per garantir la millor connexi\u00f3 a internet dels seus hostes a cada rac\u00f3. Truca&#8217;ns i t&#8217;assessorem totalment gratis!\n\t\t\t\t\t\t\t\t<\/div>\n\t\t\t\t<\/div>\n\t\t\t\t<\/div>\n\t\t\t\t\t<\/div>\n\t\t\t\t<\/div>\n\t\t<div class=\"elementor-element elementor-element-af26466 e-flex e-con-boxed e-con e-parent\" data-id=\"af26466\" data-element_type=\"container\" data-settings=\"{&quot;background_background&quot;:&quot;classic&quot;}\">\n\t\t\t\t\t<div class=\"e-con-inner\">\n\t\t<div class=\"elementor-element elementor-element-1783d9e e-con-full e-flex e-con e-child\" data-id=\"1783d9e\" data-element_type=\"container\">\n\t\t\t\t<div class=\"elementor-element elementor-element-257473e elementor-widget elementor-widget-image\" data-id=\"257473e\" data-element_type=\"widget\" data-widget_type=\"image.default\">\n\t\t\t\t<div class=\"elementor-widget-container\">\n\t\t\t\t\t\t\t\t\t\t\t\t\t\t\t<img decoding=\"async\" width=\"800\" height=\"530\" src=\"https:\/\/sidetel.eu\/wp-content\/uploads\/2024\/08\/antenna-television-1024x678.jpg\" class=\"attachment-large size-large wp-image-1087\" alt=\"\" srcset=\"https:\/\/sidetel.eu\/wp-content\/uploads\/2024\/08\/antenna-television-1024x678.jpg 1024w, https:\/\/sidetel.eu\/wp-content\/uploads\/2024\/08\/antenna-television-300x199.jpg 300w, https:\/\/sidetel.eu\/wp-content\/uploads\/2024\/08\/antenna-television-768x509.jpg 768w, https:\/\/sidetel.eu\/wp-content\/uploads\/2024\/08\/antenna-television.jpg 1200w\" sizes=\"(max-width: 800px) 100vw, 800px\" \/>\t\t\t\t\t\t\t\t\t\t\t\t\t\t\t<\/div>\n\t\t\t\t<\/div>\n\t\t\t\t<\/div>\n\t\t<div class=\"elementor-element elementor-element-4e1952f e-con-full e-flex e-con e-child\" data-id=\"4e1952f\" data-element_type=\"container\">\n\t\t\t\t<div class=\"elementor-element elementor-element-1f1678e elementor-widget elementor-widget-heading\" data-id=\"1f1678e\" data-element_type=\"widget\" data-widget_type=\"heading.default\">\n\t\t\t\t<div class=\"elementor-widget-container\">\n\t\t\t\t\t<h3 class=\"elementor-heading-title elementor-size-default\">Garanteix la satisfacci\u00f3 dels teus hostes amb el millor sistema wifi per a hotels\n<\/h3>\t\t\t\t<\/div>\n\t\t\t\t<\/div>\n\t\t\t\t<div class=\"elementor-element elementor-element-524ba40 elementor-widget__width-initial elementor-widget elementor-widget-text-editor\" data-id=\"524ba40\" data-element_type=\"widget\" data-widget_type=\"text-editor.default\">\n\t\t\t\t<div class=\"elementor-widget-container\">\n\t\t\t\t\t\t\t\t\t<p>Oferir una bona connexi\u00f3 a internet ja no \u00e9s una opci\u00f3 pels hotels. Una bona soluci\u00f3 de wifi del nostre equip augmentar\u00e0 la satisfacci\u00f3 dels teus hostes, far\u00e0 m\u00e9s competitiu el teu negoci davant d&#8217;altres i oferir\u00e0 m\u00e9s comoditat i conveni\u00e8ncia en tots els sentits.\u00a0<\/p><p>Si tens problemes amb el wifi actual de l&#8217;edifici o vols fer una nova instal\u00b7laci\u00f3, nosaltres ens ocupem que la connexi\u00f3 a qualsevol hotel funcioni correctament.<\/p>\t\t\t\t\t\t\t\t<\/div>\n\t\t\t\t<\/div>\n\t\t\t\t<\/div>\n\t\t\t\t\t<\/div>\n\t\t\t\t<\/div>\n\t\t<div class=\"elementor-element elementor-element-7534a38 e-flex e-con-boxed e-con e-parent\" data-id=\"7534a38\" data-element_type=\"container\">\n\t\t\t\t\t<div class=\"e-con-inner\">\n\t\t<div class=\"elementor-element elementor-element-e59afb5 e-con-full e-flex e-con e-child\" data-id=\"e59afb5\" data-element_type=\"container\">\n\t\t\t\t<div class=\"elementor-element elementor-element-3606994 elementor-widget__width-initial elementor-widget elementor-widget-heading\" data-id=\"3606994\" data-element_type=\"widget\" data-widget_type=\"heading.default\">\n\t\t\t\t<div class=\"elementor-widget-container\">\n\t\t\t\t\t<h3 class=\"elementor-heading-title elementor-size-default\">Pas a pas per equipar els nostres Sistemes wifi per a hotels\n<\/h3>\t\t\t\t<\/div>\n\t\t\t\t<\/div>\n\t\t\t\t<\/div>\n\t\t<div class=\"elementor-element elementor-element-2b6721f e-con-full e-flex e-con e-child\" data-id=\"2b6721f\" data-element_type=\"container\">\n\t\t\t\t<div class=\"elementor-element elementor-element-ea08416 elementor-widget__width-initial elementor-position-top elementor-widget elementor-widget-image-box\" data-id=\"ea08416\" data-element_type=\"widget\" data-widget_type=\"image-box.default\">\n\t\t\t\t<div class=\"elementor-widget-container\">\n\t\t\t\t\t<div class=\"elementor-image-box-wrapper\"><figure class=\"elementor-image-box-img\"><img decoding=\"async\" width=\"1400\" height=\"935\" src=\"https:\/\/sidetel.eu\/wp-content\/uploads\/2024\/08\/img23.jpg\" class=\"attachment-full size-full wp-image-1095\" alt=\"\" srcset=\"https:\/\/sidetel.eu\/wp-content\/uploads\/2024\/08\/img23.jpg 1400w, https:\/\/sidetel.eu\/wp-content\/uploads\/2024\/08\/img23-300x200.jpg 300w, https:\/\/sidetel.eu\/wp-content\/uploads\/2024\/08\/img23-1024x684.jpg 1024w, https:\/\/sidetel.eu\/wp-content\/uploads\/2024\/08\/img23-768x513.jpg 768w\" sizes=\"(max-width: 1400px) 100vw, 1400px\" \/><\/figure><div class=\"elementor-image-box-content\"><p class=\"elementor-image-box-description\">Us assessorem i analitzem el vostre cas en particular. Pot ser que necessiteu una nova instal\u00b7laci\u00f3 o que simplement vulgueu solucionar problemes de connectivitat actuals.\n<\/p><\/div><\/div>\t\t\t\t<\/div>\n\t\t\t\t<\/div>\n\t\t\t\t<div class=\"elementor-element elementor-element-57f97d9 elementor-widget__width-initial elementor-position-top elementor-widget elementor-widget-image-box\" data-id=\"57f97d9\" data-element_type=\"widget\" data-widget_type=\"image-box.default\">\n\t\t\t\t<div class=\"elementor-widget-container\">\n\t\t\t\t\t<div class=\"elementor-image-box-wrapper\"><figure class=\"elementor-image-box-img\"><img loading=\"lazy\" decoding=\"async\" width=\"1200\" height=\"800\" src=\"https:\/\/sidetel.eu\/wp-content\/uploads\/2024\/08\/antenna-of-satellite-television.jpg\" class=\"attachment-full size-full wp-image-1094\" alt=\"\" srcset=\"https:\/\/sidetel.eu\/wp-content\/uploads\/2024\/08\/antenna-of-satellite-television.jpg 1200w, https:\/\/sidetel.eu\/wp-content\/uploads\/2024\/08\/antenna-of-satellite-television-300x200.jpg 300w, https:\/\/sidetel.eu\/wp-content\/uploads\/2024\/08\/antenna-of-satellite-television-1024x683.jpg 1024w, https:\/\/sidetel.eu\/wp-content\/uploads\/2024\/08\/antenna-of-satellite-television-768x512.jpg 768w\" sizes=\"(max-width: 1200px) 100vw, 1200px\" \/><\/figure><div class=\"elementor-image-box-content\"><p class=\"elementor-image-box-description\">Rebreu una proposta de soluci\u00f3 per part nostra que garanteixi la millor connexi\u00f3 a internet de tots els vostres clients.\n<\/p><\/div><\/div>\t\t\t\t<\/div>\n\t\t\t\t<\/div>\n\t\t\t\t<div class=\"elementor-element elementor-element-05e3e3e elementor-widget__width-initial elementor-position-top elementor-widget elementor-widget-image-box\" data-id=\"05e3e3e\" data-element_type=\"widget\" data-widget_type=\"image-box.default\">\n\t\t\t\t<div class=\"elementor-widget-container\">\n\t\t\t\t\t<div class=\"elementor-image-box-wrapper\"><figure class=\"elementor-image-box-img\"><img decoding=\"async\" width=\"1400\" height=\"935\" src=\"https:\/\/sidetel.eu\/wp-content\/uploads\/2024\/08\/img23.jpg\" class=\"attachment-full size-full wp-image-1095\" alt=\"\" srcset=\"https:\/\/sidetel.eu\/wp-content\/uploads\/2024\/08\/img23.jpg 1400w, https:\/\/sidetel.eu\/wp-content\/uploads\/2024\/08\/img23-300x200.jpg 300w, https:\/\/sidetel.eu\/wp-content\/uploads\/2024\/08\/img23-1024x684.jpg 1024w, https:\/\/sidetel.eu\/wp-content\/uploads\/2024\/08\/img23-768x513.jpg 768w\" sizes=\"(max-width: 1400px) 100vw, 1400px\" \/><\/figure><div class=\"elementor-image-box-content\"><p class=\"elementor-image-box-description\">Podreu valorar la proposta, aix\u00ed com tots els avantatges i beneficis d'aquesta i donar-nos l'OK per comen\u00e7ar el projecte.\n<\/p><\/div><\/div>\t\t\t\t<\/div>\n\t\t\t\t<\/div>\n\t\t\t\t<div class=\"elementor-element elementor-element-5453601 elementor-widget__width-initial elementor-position-top elementor-widget elementor-widget-image-box\" data-id=\"5453601\" data-element_type=\"widget\" data-widget_type=\"image-box.default\">\n\t\t\t\t<div class=\"elementor-widget-container\">\n\t\t\t\t\t<div class=\"elementor-image-box-wrapper\"><figure class=\"elementor-image-box-img\"><img loading=\"lazy\" decoding=\"async\" width=\"1190\" height=\"935\" src=\"https:\/\/sidetel.eu\/wp-content\/uploads\/2024\/08\/img1-1.jpg\" class=\"attachment-full size-full wp-image-1096\" alt=\"\" srcset=\"https:\/\/sidetel.eu\/wp-content\/uploads\/2024\/08\/img1-1.jpg 1190w, https:\/\/sidetel.eu\/wp-content\/uploads\/2024\/08\/img1-1-300x236.jpg 300w, https:\/\/sidetel.eu\/wp-content\/uploads\/2024\/08\/img1-1-1024x805.jpg 1024w, https:\/\/sidetel.eu\/wp-content\/uploads\/2024\/08\/img1-1-768x603.jpg 768w\" sizes=\"(max-width: 1190px) 100vw, 1190px\" \/><\/figure><div class=\"elementor-image-box-content\"><p class=\"elementor-image-box-description\">Ens ocupem de realitzar la instal\u00b7laci\u00f3 quan millor us vingui i de mostrar-vos com funciona tot el nou sistema wifi per al vostre hotel.\n<\/p><\/div><\/div>\t\t\t\t<\/div>\n\t\t\t\t<\/div>\n\t\t\t\t<\/div>\n\t\t\t\t\t<\/div>\n\t\t\t\t<\/div>\n\t\t<div class=\"elementor-element elementor-element-8da2fe1 e-flex e-con-boxed e-con e-parent\" data-id=\"8da2fe1\" data-element_type=\"container\" data-settings=\"{&quot;background_background&quot;:&quot;classic&quot;}\">\n\t\t\t\t\t<div class=\"e-con-inner\">\n\t\t<div class=\"elementor-element elementor-element-faad8a9 e-con-full e-flex e-con e-child\" data-id=\"faad8a9\" data-element_type=\"container\">\n\t\t\t\t<div class=\"elementor-element elementor-element-d08befe elementor-widget elementor-widget-heading\" data-id=\"d08befe\" data-element_type=\"widget\" data-widget_type=\"heading.default\">\n\t\t\t\t<div class=\"elementor-widget-container\">\n\t\t\t\t\t<h3 class=\"elementor-heading-title elementor-size-default\">Avantatges i caracter\u00edstiques dels nostres sistemes wifi per a hotels\n<\/h3>\t\t\t\t<\/div>\n\t\t\t\t<\/div>\n\t\t\t\t<div class=\"elementor-element elementor-element-bd1dbf2 elementor-widget__width-initial elementor-widget elementor-widget-text-editor\" data-id=\"bd1dbf2\" data-element_type=\"widget\" data-widget_type=\"text-editor.default\">\n\t\t\t\t<div class=\"elementor-widget-container\">\n\t\t\t\t\t\t\t\t\t<ol><li>Velocitat de la connexi\u00f3: els vostres hostes esperen una connexi\u00f3 r\u00e0pida, f\u00e0cil i estable, i aix\u00f2 \u00e9s el que nosaltres farem que obtinguin. En aquest sentit, \u00e9s imprescindible fer una an\u00e0lisi de xarxes en funci\u00f3 del nombre d&#8217;habitacions i possibles dispositius que puguin estar connectats alhora.<\/li><li>Cobertura: una altra caracter\u00edstica imprescindible. La cobertura del wifi ha darribar a la major part dels llocs de lhotel, per assegurar que el client no t\u00e9 problemes i males sensacions en cap moment.<\/li><li>Seguretat: protegir la privadesa tant dels hostes com del propi hotel \u00e9s un aspecte realment important.<\/li><li>F\u00e0cil acc\u00e9s: el proc\u00e9s per donar acc\u00e9s al wifi de l&#8217;hotel als clients ha de ser senzill i r\u00e0pid.\u00a0<\/li><li>Suport t\u00e8cnic: \u00e9s crucial per a qualsevol negoci hoteler comptar amb suport t\u00e8cnic en cas que hi hagi qualsevol problema amb la connexi\u00f3 a internet a l&#8217;edifici.<\/li><\/ol>\t\t\t\t\t\t\t\t<\/div>\n\t\t\t\t<\/div>\n\t\t\t\t<\/div>\n\t\t\t\t\t<\/div>\n\t\t\t\t<\/div>\n\t\t\t\t<\/div>\n\t\t","protected":false},"excerpt":{"rendered":"<p>SOLUCIONS WIFI PER A HOTELS Solucions de wifi per a hotels de qualitat Ofereix la millor connexi\u00f3 wifi a qualsevol rac\u00f3 del teu hotel I augmenta la satisfacci\u00f3 dels teus hostes amb les nostres instal\u00b7lacions de connexi\u00f3 wifi avan\u00e7ades per a hotels Experts en solucions de wifi per a hotels Som un equip especialitzat en [&hellip;]<\/p>\n","protected":false},"author":1,"featured_media":0,"parent":0,"menu_order":0,"comment_status":"closed","ping_status":"closed","template":"elementor_header_footer","meta":{"footnotes":""},"class_list":["post-945","page","type-page","status-publish","hentry"],"_links":{"self":[{"href":"https:\/\/sidetel.eu\/index.php\/wp-json\/wp\/v2\/pages\/945","targetHints":{"allow":["GET"]}}],"collection":[{"href":"https:\/\/sidetel.eu\/index.php\/wp-json\/wp\/v2\/pages"}],"about":[{"href":"https:\/\/sidetel.eu\/index.php\/wp-json\/wp\/v2\/types\/page"}],"author":[{"embeddable":true,"href":"https:\/\/sidetel.eu\/index.php\/wp-json\/wp\/v2\/users\/1"}],"replies":[{"embeddable":true,"href":"https:\/\/sidetel.eu\/index.php\/wp-json\/wp\/v2\/comments?post=945"}],"version-history":[{"count":17,"href":"https:\/\/sidetel.eu\/index.php\/wp-json\/wp\/v2\/pages\/945\/revisions"}],"predecessor-version":[{"id":1185,"href":"https:\/\/sidetel.eu\/index.php\/wp-json\/wp\/v2\/pages\/945\/revisions\/1185"}],"wp:attachment":[{"href":"https:\/\/sidetel.eu\/index.php\/wp-json\/wp\/v2\/media?parent=945"}],"curies":[{"name":"wp","href":"https:\/\/api.w.org\/{rel}","templated":true}]}}